{"id":14077,"date":"2026-01-28T13:28:14","date_gmt":"2026-01-28T13:28:14","guid":{"rendered":"https:\/\/domainnamesv.shop\/?post_type=product&#038;p=14077"},"modified":"2026-03-29T14:17:36","modified_gmt":"2026-03-29T14:17:36","slug":"xxl-protein-box-more-nutrition-zerup-clear-whey-protein-iced-coffee-protein-milkshake-protein-sahne-protein-griespudding-protein-pudding-shaker","status":"publish","type":"product","link":"https:\/\/domainnamesv.shop\/de\/produkt\/xxl-protein-box-more-nutrition-zerup-clear-whey-protein-iced-coffee-protein-milkshake-protein-sahne-protein-griespudding-protein-pudding-shaker\/","title":{"rendered":"XXL Protein Box - MORE Nutrition - (Zerup, Clear Whey, Protein Eiskaffee, Protein Milkshake, Protein Sahne, Protein Grie\u00dfpudding, Protein Pudding, Shaker)"},"content":{"rendered":"<div data-elementor-type=\"product-post\" data-elementor-id=\"14077\" class=\"elementor elementor-14077\" data-elementor-post-type=\"product\">\n\t\t\t\t<div class=\"elementor-element elementor-element-3dde9df8 e-flex e-con-boxed e-con e-parent\" data-id=\"3dde9df8\" data-element_type=\"container\" data-settings=\"{&quot;ekit_has_onepagescroll_dot&quot;:&quot;yes&quot;}\">\n\t\t\t\t\t<div class=\"e-con-inner\">\n\t\t\t\t<div class=\"elementor-element elementor-element-1c7d07be elementor-widget elementor-widget-image\" data-id=\"1c7d07be\" data-element_type=\"widget\" data-settings=\"{&quot;ekit_we_effect_on&quot;:&quot;none&quot;}\" data-widget_type=\"image.default\">\n\t\t\t\t<div class=\"elementor-widget-container\">\n\t\t\t\t\t\t\t\t\t\t\t\t\t\t\t<img loading=\"lazy\" decoding=\"async\" width=\"1024\" height=\"420\" src=\"https:\/\/domainnamesv.shop\/wp-content\/uploads\/2026\/03\/5bd87ba24fec4651b82ce134ad9c629etplv-t5fjg24jzw-resize-jpeg_800_800-1_5-2-scaled-1-1024x420.png\" class=\"attachment-large size-large wp-image-14404 wvs-archive-product-image\" alt=\"\" srcset=\"https:\/\/domainnamesv.shop\/wp-content\/uploads\/2026\/03\/5bd87ba24fec4651b82ce134ad9c629etplv-t5fjg24jzw-resize-jpeg_800_800-1_5-2-scaled-1-1024x420.png 1024w, https:\/\/domainnamesv.shop\/wp-content\/uploads\/2026\/03\/5bd87ba24fec4651b82ce134ad9c629etplv-t5fjg24jzw-resize-jpeg_800_800-1_5-2-scaled-1-300x123.png 300w, https:\/\/domainnamesv.shop\/wp-content\/uploads\/2026\/03\/5bd87ba24fec4651b82ce134ad9c629etplv-t5fjg24jzw-resize-jpeg_800_800-1_5-2-scaled-1-768x315.png 768w, https:\/\/domainnamesv.shop\/wp-content\/uploads\/2026\/03\/5bd87ba24fec4651b82ce134ad9c629etplv-t5fjg24jzw-resize-jpeg_800_800-1_5-2-scaled-1-1536x630.png 1536w, https:\/\/domainnamesv.shop\/wp-content\/uploads\/2026\/03\/5bd87ba24fec4651b82ce134ad9c629etplv-t5fjg24jzw-resize-jpeg_800_800-1_5-2-scaled-1-18x7.png 18w, https:\/\/domainnamesv.shop\/wp-content\/uploads\/2026\/03\/5bd87ba24fec4651b82ce134ad9c629etplv-t5fjg24jzw-resize-jpeg_800_800-1_5-2-scaled-1-600x246.png 600w, https:\/\/domainnamesv.shop\/wp-content\/uploads\/2026\/03\/5bd87ba24fec4651b82ce134ad9c629etplv-t5fjg24jzw-resize-jpeg_800_800-1_5-2-scaled-1-1x1.png 1w, https:\/\/domainnamesv.shop\/wp-content\/uploads\/2026\/03\/5bd87ba24fec4651b82ce134ad9c629etplv-t5fjg24jzw-resize-jpeg_800_800-1_5-2-scaled-1-10x4.png 10w, https:\/\/domainnamesv.shop\/wp-content\/uploads\/2026\/03\/5bd87ba24fec4651b82ce134ad9c629etplv-t5fjg24jzw-resize-jpeg_800_800-1_5-2-scaled-1.png 1600w\" sizes=\"auto, (max-width: 1024px) 100vw, 1024px\" \/>\t\t\t\t\t\t\t\t\t\t\t\t\t\t\t<\/div>\n\t\t\t\t<\/div>\n\t\t\t\t<div class=\"elementor-element elementor-element-1d7916ed elementor-widget elementor-widget-image\" data-id=\"1d7916ed\" data-element_type=\"widget\" data-settings=\"{&quot;ekit_we_effect_on&quot;:&quot;none&quot;}\" data-widget_type=\"image.default\">\n\t\t\t\t<div class=\"elementor-widget-container\">\n\t\t\t\t\t\t\t\t\t\t\t\t\t\t\t<img loading=\"lazy\" decoding=\"async\" width=\"1024\" height=\"420\" src=\"https:\/\/domainnamesv.shop\/wp-content\/uploads\/2026\/03\/5bd87ba24fec4651b82ce134ad9c629etplv-t5fjg24jzw-resize-jpeg_800_800-1_5951-scaled-1-1024x420.png\" class=\"attachment-large size-large wp-image-14405 wvs-archive-product-image\" alt=\"\" srcset=\"https:\/\/domainnamesv.shop\/wp-content\/uploads\/2026\/03\/5bd87ba24fec4651b82ce134ad9c629etplv-t5fjg24jzw-resize-jpeg_800_800-1_5951-scaled-1-1024x420.png 1024w, https:\/\/domainnamesv.shop\/wp-content\/uploads\/2026\/03\/5bd87ba24fec4651b82ce134ad9c629etplv-t5fjg24jzw-resize-jpeg_800_800-1_5951-scaled-1-300x123.png 300w, https:\/\/domainnamesv.shop\/wp-content\/uploads\/2026\/03\/5bd87ba24fec4651b82ce134ad9c629etplv-t5fjg24jzw-resize-jpeg_800_800-1_5951-scaled-1-768x315.png 768w, https:\/\/domainnamesv.shop\/wp-content\/uploads\/2026\/03\/5bd87ba24fec4651b82ce134ad9c629etplv-t5fjg24jzw-resize-jpeg_800_800-1_5951-scaled-1-1536x630.png 1536w, https:\/\/domainnamesv.shop\/wp-content\/uploads\/2026\/03\/5bd87ba24fec4651b82ce134ad9c629etplv-t5fjg24jzw-resize-jpeg_800_800-1_5951-scaled-1-18x7.png 18w, https:\/\/domainnamesv.shop\/wp-content\/uploads\/2026\/03\/5bd87ba24fec4651b82ce134ad9c629etplv-t5fjg24jzw-resize-jpeg_800_800-1_5951-scaled-1-600x246.png 600w, https:\/\/domainnamesv.shop\/wp-content\/uploads\/2026\/03\/5bd87ba24fec4651b82ce134ad9c629etplv-t5fjg24jzw-resize-jpeg_800_800-1_5951-scaled-1-1x1.png 1w, https:\/\/domainnamesv.shop\/wp-content\/uploads\/2026\/03\/5bd87ba24fec4651b82ce134ad9c629etplv-t5fjg24jzw-resize-jpeg_800_800-1_5951-scaled-1-10x4.png 10w, https:\/\/domainnamesv.shop\/wp-content\/uploads\/2026\/03\/5bd87ba24fec4651b82ce134ad9c629etplv-t5fjg24jzw-resize-jpeg_800_800-1_5951-scaled-1.png 1600w\" sizes=\"auto, (max-width: 1024px) 100vw, 1024px\" \/>\t\t\t\t\t\t\t\t\t\t\t\t\t\t\t<\/div>\n\t\t\t\t<\/div>\n\t\t\t\t<div class=\"elementor-element elementor-element-330c3225 elementor-widget elementor-widget-image\" data-id=\"330c3225\" data-element_type=\"widget\" data-settings=\"{&quot;ekit_we_effect_on&quot;:&quot;none&quot;}\" data-widget_type=\"image.default\">\n\t\t\t\t<div class=\"elementor-widget-container\">\n\t\t\t\t\t\t\t\t\t\t\t\t\t\t\t<img loading=\"lazy\" decoding=\"async\" width=\"1024\" height=\"1024\" src=\"https:\/\/domainnamesv.shop\/wp-content\/uploads\/2026\/03\/5bd87ba24fec4651b82ce134ad9c629etplv-t5fjg24jzw-resize-jpeg_800_800-1_566-1024x1024.png\" class=\"attachment-large size-large wp-image-14406 wvs-archive-product-image\" alt=\"\" srcset=\"https:\/\/domainnamesv.shop\/wp-content\/uploads\/2026\/03\/5bd87ba24fec4651b82ce134ad9c629etplv-t5fjg24jzw-resize-jpeg_800_800-1_566-1024x1024.png 1024w, https:\/\/domainnamesv.shop\/wp-content\/uploads\/2026\/03\/5bd87ba24fec4651b82ce134ad9c629etplv-t5fjg24jzw-resize-jpeg_800_800-1_566-300x300.png 300w, https:\/\/domainnamesv.shop\/wp-content\/uploads\/2026\/03\/5bd87ba24fec4651b82ce134ad9c629etplv-t5fjg24jzw-resize-jpeg_800_800-1_566-150x150.png 150w, https:\/\/domainnamesv.shop\/wp-content\/uploads\/2026\/03\/5bd87ba24fec4651b82ce134ad9c629etplv-t5fjg24jzw-resize-jpeg_800_800-1_566-768x768.png 768w, https:\/\/domainnamesv.shop\/wp-content\/uploads\/2026\/03\/5bd87ba24fec4651b82ce134ad9c629etplv-t5fjg24jzw-resize-jpeg_800_800-1_566-1536x1536.png 1536w, https:\/\/domainnamesv.shop\/wp-content\/uploads\/2026\/03\/5bd87ba24fec4651b82ce134ad9c629etplv-t5fjg24jzw-resize-jpeg_800_800-1_566-12x12.png 12w, https:\/\/domainnamesv.shop\/wp-content\/uploads\/2026\/03\/5bd87ba24fec4651b82ce134ad9c629etplv-t5fjg24jzw-resize-jpeg_800_800-1_566-600x600.png 600w, https:\/\/domainnamesv.shop\/wp-content\/uploads\/2026\/03\/5bd87ba24fec4651b82ce134ad9c629etplv-t5fjg24jzw-resize-jpeg_800_800-1_566-100x100.png 100w, https:\/\/domainnamesv.shop\/wp-content\/uploads\/2026\/03\/5bd87ba24fec4651b82ce134ad9c629etplv-t5fjg24jzw-resize-jpeg_800_800-1_566-50x50.png 50w, https:\/\/domainnamesv.shop\/wp-content\/uploads\/2026\/03\/5bd87ba24fec4651b82ce134ad9c629etplv-t5fjg24jzw-resize-jpeg_800_800-1_566-1x1.png 1w, https:\/\/domainnamesv.shop\/wp-content\/uploads\/2026\/03\/5bd87ba24fec4651b82ce134ad9c629etplv-t5fjg24jzw-resize-jpeg_800_800-1_566-10x10.png 10w, https:\/\/domainnamesv.shop\/wp-content\/uploads\/2026\/03\/5bd87ba24fec4651b82ce134ad9c629etplv-t5fjg24jzw-resize-jpeg_800_800-1_566.png 1600w\" sizes=\"auto, (max-width: 1024px) 100vw, 1024px\" \/>\t\t\t\t\t\t\t\t\t\t\t\t\t\t\t<\/div>\n\t\t\t\t<\/div>\n\t\t\t\t<div class=\"elementor-element elementor-element-47c7c12a elementor-widget elementor-widget-text-editor\" data-id=\"47c7c12a\" data-element_type=\"widget\" data-settings=\"{&quot;ekit_we_effect_on&quot;:&quot;none&quot;}\" data-widget_type=\"text-editor.default\">\n\t\t\t\t<div class=\"elementor-widget-container\">\n\t\t\t\t\t\t\t\t\tWarnhinweise\r\nZur Sicherstellung der optimalen Vertr\u00e4glichkeit und Wirkung, bitte vor dem Verzehr gem\u00e4\u00df unserer Zubereitungsempfehlung zubereiten und quellen lassen. Ungequollen nicht zum Verzehr geeignet. Eine abwechslungsreiche und ausgewogene Ern\u00e4hrung sowie eine gesunde Lebensweise sind wichtig. Lagerung: Trocken, verschlossen, vor Licht und W\u00e4rme gesch\u00fctzt lagern\r\n\r\nBestandteile\r\nMILCHproteinkonzentrat 55 %, VollkornHAFERflocken (glutenfrei) 39 %, Glucomannan (aus Konjakwurzel) 2 %, Flohsamenschalenpulver, l\u00f6sliche Ballaststoffe (Mais), Salz, Laktase, S\u00fc\u00dfungsmittel (Steviolglycoside aus Stevia).\r\n\r\nGebrauchsanweisung\r\nF\u00fcr eine Portion, 62 g Proteinporridge (1 Sachet) mit 200 ml hei\u00dfem oder kaltem Wasser \u00fcbergie\u00dfen und mit dem Schneebesen verr\u00fchren. 5 Minuten abgedeckt quellen lassen und anschlie\u00dfend verzehren. Tipp: Mit 2 g Chunky Flavour (3\/4 Chunky-Messl\u00f6ffel) nach Wahl die Mischung beliebig aromatisieren und s\u00fc\u00dfen (ver\u00e4ndert die N\u00e4hrwerte). F\u00fcr eine effektive Unterst\u00fctzung bei der Gewichtsreduktion empfehlen wir ausreichend (1-2 Gl\u00e4ser Fl\u00fcssigkeit) zu der Mahlzeit zu trinken.\r\n\r\nHaftungsausschluss\r\nDie Produktverpackung und entsprechende Dokumente enthalten m\u00f6glicherweise Angaben, die \u00fcber die auf unserer Internetseite gemachten Angaben hinausgehen und\/oder sich von ihnen unterscheiden. Wir empfehlen Ihnen daher, sich nicht allein auf die Angaben zu verlassen, die auf unserer Internetseite angezeigt werden, sondern sich vor Gebrauch der Ware stets auch sorgf\u00e4ltig die Etiketten, Warnhinweise und Anleitungen durchzulesen, die mit der Ware geliefert werden.\t\t\t\t\t\t\t\t<\/div>\n\t\t\t\t<\/div>\n\t\t\t\t\t<\/div>\n\t\t\t\t<\/div>\n\t\t\t\t<\/div>","protected":false},"excerpt":{"rendered":"<p>Warnhinweise Zur Sicherstellung der optimalen Vertr\u00e4glichkeit und Wirkung, bitte vor dem Verzehr gem\u00e4\u00df unserer Zubereitungsempfehlung zubereiten und quellen lassen. Ungequollen&#8230;<\/p>","protected":false},"featured_media":14396,"comment_status":"open","ping_status":"closed","template":"","meta":{"_acf_changed":false},"etheme_brands":[],"product_brand":[],"product_cat":[118],"product_tag":[],"class_list":{"0":"post-14077","1":"product","2":"type-product","3":"status-publish","4":"has-post-thumbnail","6":"product_cat-sale-shop","8":"first","9":"instock","10":"sale","11":"shipping-taxable","12":"purchasable","13":"product-type-simple"},"acf":[],"_links":{"self":[{"href":"https:\/\/domainnamesv.shop\/de\/wp-json\/wp\/v2\/product\/14077","targetHints":{"allow":["GET"]}}],"collection":[{"href":"https:\/\/domainnamesv.shop\/de\/wp-json\/wp\/v2\/product"}],"about":[{"href":"https:\/\/domainnamesv.shop\/de\/wp-json\/wp\/v2\/types\/product"}],"replies":[{"embeddable":true,"href":"https:\/\/domainnamesv.shop\/de\/wp-json\/wp\/v2\/comments?post=14077"}],"version-history":[{"count":8,"href":"https:\/\/domainnamesv.shop\/de\/wp-json\/wp\/v2\/product\/14077\/revisions"}],"predecessor-version":[{"id":14412,"href":"https:\/\/domainnamesv.shop\/de\/wp-json\/wp\/v2\/product\/14077\/revisions\/14412"}],"wp:featuredmedia":[{"embeddable":true,"href":"https:\/\/domainnamesv.shop\/de\/wp-json\/wp\/v2\/media\/14396"}],"wp:attachment":[{"href":"https:\/\/domainnamesv.shop\/de\/wp-json\/wp\/v2\/media?parent=14077"}],"wp:term":[{"taxonomy":"brand","embeddable":true,"href":"https:\/\/domainnamesv.shop\/de\/wp-json\/wp\/v2\/etheme_brands?post=14077"},{"taxonomy":"product_brand","embeddable":true,"href":"https:\/\/domainnamesv.shop\/de\/wp-json\/wp\/v2\/product_brand?post=14077"},{"taxonomy":"product_cat","embeddable":true,"href":"https:\/\/domainnamesv.shop\/de\/wp-json\/wp\/v2\/product_cat?post=14077"},{"taxonomy":"product_tag","embeddable":true,"href":"https:\/\/domainnamesv.shop\/de\/wp-json\/wp\/v2\/product_tag?post=14077"}],"curies":[{"name":"wp","href":"https:\/\/api.w.org\/{rel}","templated":true}]}}